{"id":50,"date":"2018-02-27T14:23:50","date_gmt":"2018-02-27T11:23:50","guid":{"rendered":"http:\/\/www.cinarciktesvikiyeasm.web.tr\/?page_id=50"},"modified":"2018-04-11T12:09:18","modified_gmt":"2018-04-11T09:09:18","slug":"iletisim","status":"publish","type":"page","link":"https:\/\/www.cinarciktesvikiyeasm.web.tr\/?page_id=50","title":{"rendered":"\u0130leti\u015fim"},"content":{"rendered":"<p>Te\u015fvikiye Aile Sa\u011fl\u0131\u011f\u0131 Merkezi<\/p>\n<p>Tel: 02262441115<\/p>\n<p>Adres: Cumhuriyet Mh. Merkez Cd No:38 Te\u015fvikiye \u00c7\u0131narc\u0131k\/Yalova<\/p>\n<p>&nbsp;<\/p>\n<p>\u00c7\u0131narc\u0131k Toplum Sa\u011fl\u0131\u011f\u0131 Merkezi Telefon:<\/p>\n<p>Tel:\u00a0(0226) 245-1187<\/p>\n<p>Adres:\u00a0Ta\u015fliman mah. Turgut kurt cad. No. 25<br \/>\n77300 \u00c7\u0131narc\u0131k\/Yalova<\/p>\n<p>Fax:<\/p>\n<p>&nbsp;<\/p>\n<p>Yalova \u0130l Sa\u011fl\u0131\u011f\u0131 M\u00fcd\u00fcrl\u00fc\u011f\u00fc Telefon:<\/p>\n<p>Tel:0226 814 00 33<\/p>\n<p>Bah\u00e7elievler Mh Stadyum Cd.<br \/>\nNo:35 Merkez \/Yalova<\/p>\n<p>Fax:<\/p>\n<p>Web Sitesi : <a href=\"http:\/\/yalovaism.saglik.gov.tr\/\">http:\/\/yalovaism.saglik.gov.tr\/<\/a><\/p>\n","protected":false},"excerpt":{"rendered":"<p>Te\u015fvikiye Aile Sa\u011fl\u0131\u011f\u0131 Merkezi Tel: 02262441115 Adres: Cumhuriyet Mh. Merkez Cd No:38 Te\u015fvikiye \u00c7\u0131narc\u0131k\/Yalova &nbsp; \u00c7\u0131narc\u0131k Toplum Sa\u011fl\u0131\u011f\u0131 Merkezi Telefon: Tel:\u00a0(0226) 245-1187 Adres:\u00a0Ta\u015fliman mah. Turgut kurt cad. No. 25 77300 \u00c7\u0131narc\u0131k\/Yalova Fax: &nbsp; Yalova \u0130l Sa\u011fl\u0131\u011f\u0131 M\u00fcd\u00fcrl\u00fc\u011f\u00fc Telefon: Tel:0226 814 00 33 Bah\u00e7elievler Mh Stadyum Cd. No:35 Merkez \/Yalova Fax: Web Sitesi : http:\/\/yalovaism.saglik.gov.tr\/<\/p>\n","protected":false},"author":1,"featured_media":0,"parent":0,"menu_order":0,"comment_status":"closed","ping_status":"closed","template":"","meta":[],"_links":{"self":[{"href":"https:\/\/www.cinarciktesvikiyeasm.web.tr\/index.php?rest_route=\/wp\/v2\/pages\/50"}],"collection":[{"href":"https:\/\/www.cinarciktesvikiyeasm.web.tr\/index.php?rest_route=\/wp\/v2\/pages"}],"about":[{"href":"https:\/\/www.cinarciktesvikiyeasm.web.tr\/index.php?rest_route=\/wp\/v2\/types\/page"}],"author":[{"embeddable":true,"href":"https:\/\/www.cinarciktesvikiyeasm.web.tr\/index.php?rest_route=\/wp\/v2\/users\/1"}],"replies":[{"embeddable":true,"href":"https:\/\/www.cinarciktesvikiyeasm.web.tr\/index.php?rest_route=%2Fwp%2Fv2%2Fcomments&post=50"}],"version-history":[{"count":8,"href":"https:\/\/www.cinarciktesvikiyeasm.web.tr\/index.php?rest_route=\/wp\/v2\/pages\/50\/revisions"}],"predecessor-version":[{"id":186,"href":"https:\/\/www.cinarciktesvikiyeasm.web.tr\/index.php?rest_route=\/wp\/v2\/pages\/50\/revisions\/186"}],"wp:attachment":[{"href":"https:\/\/www.cinarciktesvikiyeasm.web.tr\/index.php?rest_route=%2Fwp%2Fv2%2Fmedia&parent=50"}],"curies":[{"name":"wp","href":"https:\/\/api.w.org\/{rel}","templated":true}]}}