{"id":43,"date":"2018-02-27T14:22:43","date_gmt":"2018-02-27T11:22:43","guid":{"rendered":"http:\/\/www.cinarciktesvikiyeasm.web.tr\/?page_id=43"},"modified":"2018-02-27T14:22:43","modified_gmt":"2018-02-27T11:22:43","slug":"mhrs","status":"publish","type":"page","link":"https:\/\/www.cinarciktesvikiyeasm.web.tr\/?page_id=43","title":{"rendered":"MHRS"},"content":{"rendered":"<p class=\"font_8\">Merkezi Hekim Randevu Sistemi<\/p>\n<p class=\"font_8\">\n<p class=\"font_8\">T.C. Sa\u011fl\u0131k Bakanl\u0131\u011f\u0131, T\u00fcrkiye&#8221;de daha etkin ve verimli bir \u015fekilde sa\u011fl\u0131k hizmetlerine ula\u015f\u0131lmas\u0131 amac\u0131 ile Sa\u011fl\u0131kta D\u00f6n\u00fc\u015f\u00fcm Projesi&#8221;ni y\u00fcr\u00fcrl\u00fc\u011fe koymu\u015f ve bu program kapsam\u0131ndaki \u00e7al\u0131\u015fmalar\u0131 b\u00fcy\u00fck \u00f6l\u00e7\u00fcde ger\u00e7ekle\u015ftirmi\u015ftir. Bu program\u0131n en \u00f6nemli \u00e7al\u0131\u015fmalar\u0131ndan biri de Merkezi Hekim Randevu Sistemi&#8221;dir.<\/p>\n<p class=\"font_8\">\n<p class=\"font_8\">MHRS; vatanda\u015flar\u0131n Sa\u011fl\u0131k Bakanl\u0131\u011f\u0131na ba\u011fl\u0131 hastaneler ile a\u011f\u0131z ve di\u015f sa\u011fl\u0131\u011f\u0131 merkezleri ve aile hekimlerine Alo182 arayarak canl\u0131 operat\u00f6rlerden, web \u00fczerinden ya da MHRS mobil uygulamas\u0131ndan kendilerine istedikleri hastane ve hekimden randevu alabilecekleri bir sistemdir.<\/p>\n<p class=\"font_8\">\n<p class=\"font_8\">T\u00fcrkiye&#8217;de uygulanmakta olan (MHRS), AB&#8221;nin kabul etti\u011fi 20 temel kamu hizmetlerinden biridir.<\/p>\n<p class=\"font_8\">MHRS; kamu hastanelerinde ve ba\u011fl\u0131 sa\u011fl\u0131k kurumlar\u0131nda da\u011f\u0131n\u0131k halde uygulanan randevu sistemlerini merkezile\u015ftirmi\u015ftir. Ayn\u0131 zamanda kamu hastanelerinin randevu sistemlerini bir merkezden y\u00f6neten d\u00fcnyadaki ilk ve tek sistem olma iddias\u0131n\u0131 ta\u015f\u0131maktad\u0131r.<\/p>\n<p class=\"font_8\">\n<p class=\"font_8\">MHRS; Alo 182 \u00c7a\u011fr\u0131 merkezi \u00fczerinden, internetten, mobil uygulamalardan hastanelerimizden ve aile hekimlerimizden vatanda\u015flara %99,6 eri\u015filebilirlik seviyesinde hizmet verebilmektedir.<\/p>\n","protected":false},"excerpt":{"rendered":"<p>Merkezi Hekim Randevu Sistemi T.C. Sa\u011fl\u0131k Bakanl\u0131\u011f\u0131, T\u00fcrkiye&#8221;de daha etkin ve verimli bir \u015fekilde sa\u011fl\u0131k hizmetlerine ula\u015f\u0131lmas\u0131 amac\u0131 ile Sa\u011fl\u0131kta D\u00f6n\u00fc\u015f\u00fcm Projesi&#8221;ni y\u00fcr\u00fcrl\u00fc\u011fe koymu\u015f ve bu program kapsam\u0131ndaki \u00e7al\u0131\u015fmalar\u0131 b\u00fcy\u00fck \u00f6l\u00e7\u00fcde ger\u00e7ekle\u015ftirmi\u015ftir. Bu program\u0131n en \u00f6nemli \u00e7al\u0131\u015fmalar\u0131ndan biri de Merkezi Hekim Randevu Sistemi&#8221;dir. MHRS; vatanda\u015flar\u0131n Sa\u011fl\u0131k Bakanl\u0131\u011f\u0131na ba\u011fl\u0131 hastaneler ile a\u011f\u0131z ve di\u015f sa\u011fl\u0131\u011f\u0131 merkezleri &hellip; <\/p>\n<p class=\"link-more\"><a href=\"https:\/\/www.cinarciktesvikiyeasm.web.tr\/?page_id=43\" class=\"more-link\">Okumaya devam et<span class=\"screen-reader-text\"> &#8220;MHRS&#8221;<\/span><\/a><\/p>\n","protected":false},"author":1,"featured_media":0,"parent":0,"menu_order":0,"comment_status":"closed","ping_status":"closed","template":"","meta":[],"_links":{"self":[{"href":"https:\/\/www.cinarciktesvikiyeasm.web.tr\/index.php?rest_route=\/wp\/v2\/pages\/43"}],"collection":[{"href":"https:\/\/www.cinarciktesvikiyeasm.web.tr\/index.php?rest_route=\/wp\/v2\/pages"}],"about":[{"href":"https:\/\/www.cinarciktesvikiyeasm.web.tr\/index.php?rest_route=\/wp\/v2\/types\/page"}],"author":[{"embeddable":true,"href":"https:\/\/www.cinarciktesvikiyeasm.web.tr\/index.php?rest_route=\/wp\/v2\/users\/1"}],"replies":[{"embeddable":true,"href":"https:\/\/www.cinarciktesvikiyeasm.web.tr\/index.php?rest_route=%2Fwp%2Fv2%2Fcomments&post=43"}],"version-history":[{"count":1,"href":"https:\/\/www.cinarciktesvikiyeasm.web.tr\/index.php?rest_route=\/wp\/v2\/pages\/43\/revisions"}],"predecessor-version":[{"id":44,"href":"https:\/\/www.cinarciktesvikiyeasm.web.tr\/index.php?rest_route=\/wp\/v2\/pages\/43\/revisions\/44"}],"wp:attachment":[{"href":"https:\/\/www.cinarciktesvikiyeasm.web.tr\/index.php?rest_route=%2Fwp%2Fv2%2Fmedia&parent=43"}],"curies":[{"name":"wp","href":"https:\/\/api.w.org\/{rel}","templated":true}]}}