{"id":4,"date":"2018-02-21T08:52:06","date_gmt":"2018-02-21T05:52:06","guid":{"rendered":"http:\/\/www.cinarciktesvikiyeasm.web.tr\/?page_id=4"},"modified":"2022-03-04T13:49:53","modified_gmt":"2022-03-04T10:49:53","slug":"deneme","status":"publish","type":"page","link":"https:\/\/www.cinarciktesvikiyeasm.web.tr\/","title":{"rendered":"Anasayfa"},"content":{"rendered":"<table>\n<tbody>\n<tr>\n<td><img loading=\"lazy\" class=\"alignnone wp-image-165 \" src=\"http:\/\/www.cinarciktesvikiyeasm.web.tr\/wp-content\/uploads\/2018\/02\/genel-saglik-sigortasi-nedir-1.jpg\" alt=\"\" width=\"346\" height=\"167\" \/><\/td>\n<td width=\"302\"><a href=\"http:\/\/www.cinarciktesvikiyeasm.web.tr\/?page_id=39\">Yeni Do\u011fan Taramalar\u0131<\/a><\/p>\n<p><a href=\"http:\/\/www.cinarciktesvikiyeasm.web.tr\/?page_id=41\">Gebe Takibi ve Beslenme<\/a><\/p>\n<p><a href=\"http:\/\/www.cinarciktesvikiyeasm.web.tr\/?page_id=43\">MHRS<\/a><\/p>\n<p><a href=\"http:\/\/www.cinarciktesvikiyeasm.web.tr\/?page_id=124\">Serviks (Rahim) Kanseri Taramalar\u0131<\/a><\/p>\n<p><a href=\"http:\/\/www.cinarciktesvikiyeasm.web.tr\/?page_id=127\">Meme Kanseri Taramalar\u0131<\/a><\/p>\n<p><a href=\"http:\/\/www.cinarciktesvikiyeasm.web.tr\/?page_id=131\">Kolon(Ba\u011f\u0131rsak) Kanseri Taramalar\u0131<\/a><\/td>\n<\/tr>\n<\/tbody>\n<\/table>\n","protected":false},"excerpt":{"rendered":"<p>Yeni Do\u011fan Taramalar\u0131 Gebe Takibi ve Beslenme MHRS Serviks (Rahim) Kanseri Taramalar\u0131 Meme Kanseri Taramalar\u0131 Kolon(Ba\u011f\u0131rsak) Kanseri Taramalar\u0131<\/p>\n","protected":false},"author":1,"featured_media":0,"parent":0,"menu_order":0,"comment_status":"closed","ping_status":"closed","template":"","meta":[],"_links":{"self":[{"href":"https:\/\/www.cinarciktesvikiyeasm.web.tr\/index.php?rest_route=\/wp\/v2\/pages\/4"}],"collection":[{"href":"https:\/\/www.cinarciktesvikiyeasm.web.tr\/index.php?rest_route=\/wp\/v2\/pages"}],"about":[{"href":"https:\/\/www.cinarciktesvikiyeasm.web.tr\/index.php?rest_route=\/wp\/v2\/types\/page"}],"author":[{"embeddable":true,"href":"https:\/\/www.cinarciktesvikiyeasm.web.tr\/index.php?rest_route=\/wp\/v2\/users\/1"}],"replies":[{"embeddable":true,"href":"https:\/\/www.cinarciktesvikiyeasm.web.tr\/index.php?rest_route=%2Fwp%2Fv2%2Fcomments&post=4"}],"version-history":[{"count":36,"href":"https:\/\/www.cinarciktesvikiyeasm.web.tr\/index.php?rest_route=\/wp\/v2\/pages\/4\/revisions"}],"predecessor-version":[{"id":220,"href":"https:\/\/www.cinarciktesvikiyeasm.web.tr\/index.php?rest_route=\/wp\/v2\/pages\/4\/revisions\/220"}],"wp:attachment":[{"href":"https:\/\/www.cinarciktesvikiyeasm.web.tr\/index.php?rest_route=%2Fwp%2Fv2%2Fmedia&parent=4"}],"curies":[{"name":"wp","href":"https:\/\/api.w.org\/{rel}","templated":true}]}}