{"id":29,"date":"2018-02-27T14:15:40","date_gmt":"2018-02-27T11:15:40","guid":{"rendered":"http:\/\/www.cinarciktesvikiyeasm.web.tr\/?page_id=29"},"modified":"2018-02-27T14:15:40","modified_gmt":"2018-02-27T11:15:40","slug":"hizmet-politikamiz","status":"publish","type":"page","link":"https:\/\/www.cinarciktesvikiyeasm.web.tr\/?page_id=29","title":{"rendered":"Hizmet Politikam\u0131z"},"content":{"rendered":"<h1 class=\"font_0\">Hizmet Politikam\u0131z<\/h1>\n<p class=\"font_8\">Kaliteli, standart \u00fcst\u00fc ve insan fakt\u00f6r\u00fcn\u00fc \u00f6n planda tutan anlay\u0131\u015fla hizmet vermeyi ama\u00e7 edinmi\u015f olan Aile Sa\u011fl\u0131\u011f\u0131 Merkezimize sizler i\u00e7in her g\u00fcn yeniden enerji toplayarak, ya\u015famak i\u00e7in ya\u015fatma ideali ile sizleri beklemekteyiz.<\/p>\n","protected":false},"excerpt":{"rendered":"<p>Hizmet Politikam\u0131z Kaliteli, standart \u00fcst\u00fc ve insan fakt\u00f6r\u00fcn\u00fc \u00f6n planda tutan anlay\u0131\u015fla hizmet vermeyi ama\u00e7 edinmi\u015f olan Aile Sa\u011fl\u0131\u011f\u0131 Merkezimize sizler i\u00e7in her g\u00fcn yeniden enerji toplayarak, ya\u015famak i\u00e7in ya\u015fatma ideali ile sizleri beklemekteyiz.<\/p>\n","protected":false},"author":1,"featured_media":0,"parent":0,"menu_order":0,"comment_status":"closed","ping_status":"closed","template":"","meta":[],"_links":{"self":[{"href":"https:\/\/www.cinarciktesvikiyeasm.web.tr\/index.php?rest_route=\/wp\/v2\/pages\/29"}],"collection":[{"href":"https:\/\/www.cinarciktesvikiyeasm.web.tr\/index.php?rest_route=\/wp\/v2\/pages"}],"about":[{"href":"https:\/\/www.cinarciktesvikiyeasm.web.tr\/index.php?rest_route=\/wp\/v2\/types\/page"}],"author":[{"embeddable":true,"href":"https:\/\/www.cinarciktesvikiyeasm.web.tr\/index.php?rest_route=\/wp\/v2\/users\/1"}],"replies":[{"embeddable":true,"href":"https:\/\/www.cinarciktesvikiyeasm.web.tr\/index.php?rest_route=%2Fwp%2Fv2%2Fcomments&post=29"}],"version-history":[{"count":1,"href":"https:\/\/www.cinarciktesvikiyeasm.web.tr\/index.php?rest_route=\/wp\/v2\/pages\/29\/revisions"}],"predecessor-version":[{"id":30,"href":"https:\/\/www.cinarciktesvikiyeasm.web.tr\/index.php?rest_route=\/wp\/v2\/pages\/29\/revisions\/30"}],"wp:attachment":[{"href":"https:\/\/www.cinarciktesvikiyeasm.web.tr\/index.php?rest_route=%2Fwp%2Fv2%2Fmedia&parent=29"}],"curies":[{"name":"wp","href":"https:\/\/api.w.org\/{rel}","templated":true}]}}