{"id":28,"date":"2018-02-27T14:15:56","date_gmt":"2018-02-27T11:15:56","guid":{"rendered":"http:\/\/www.cinarciktesvikiyeasm.web.tr\/?page_id=28"},"modified":"2018-02-28T13:37:37","modified_gmt":"2018-02-28T10:37:37","slug":"kurumsal-2","status":"publish","type":"page","link":"https:\/\/www.cinarciktesvikiyeasm.web.tr\/?page_id=28","title":{"rendered":"Kurumsal"},"content":{"rendered":"<p><a href=\"http:\/\/www.cinarciktesvikiyeasm.web.tr\/?page_id=20\">Hizmet Standartlar\u0131<\/a><\/p>\n<p><a href=\"http:\/\/www.cinarciktesvikiyeasm.web.tr\/?page_id=29\">Hizmet Politikam\u0131z<\/a><\/p>\n<p><a href=\"http:\/\/www.cinarciktesvikiyeasm.web.tr\/?page_id=111\">\u00c7al\u0131\u015fma Plan\u0131<\/a><\/p>\n<p><a href=\"http:\/\/www.cinarciktesvikiyeasm.web.tr\/?page_id=33\">Hasta Haklar\u0131<\/a><\/p>\n<p><a href=\"https:\/\/www.youtube.com\/user\/SaglikBakanligi\/videos\" target=\"_blank\" rel=\"noopener\">E\u011fitici Videolar<\/a><\/p>\n<p>&nbsp;<\/p>\n","protected":false},"excerpt":{"rendered":"<p>Hizmet Standartlar\u0131 Hizmet Politikam\u0131z \u00c7al\u0131\u015fma Plan\u0131 Hasta Haklar\u0131 E\u011fitici Videolar &nbsp;<\/p>\n","protected":false},"author":1,"featured_media":0,"parent":0,"menu_order":0,"comment_status":"closed","ping_status":"closed","template":"","meta":[],"_links":{"self":[{"href":"https:\/\/www.cinarciktesvikiyeasm.web.tr\/index.php?rest_route=\/wp\/v2\/pages\/28"}],"collection":[{"href":"https:\/\/www.cinarciktesvikiyeasm.web.tr\/index.php?rest_route=\/wp\/v2\/pages"}],"about":[{"href":"https:\/\/www.cinarciktesvikiyeasm.web.tr\/index.php?rest_route=\/wp\/v2\/types\/page"}],"author":[{"embeddable":true,"href":"https:\/\/www.cinarciktesvikiyeasm.web.tr\/index.php?rest_route=\/wp\/v2\/users\/1"}],"replies":[{"embeddable":true,"href":"https:\/\/www.cinarciktesvikiyeasm.web.tr\/index.php?rest_route=%2Fwp%2Fv2%2Fcomments&post=28"}],"version-history":[{"count":9,"href":"https:\/\/www.cinarciktesvikiyeasm.web.tr\/index.php?rest_route=\/wp\/v2\/pages\/28\/revisions"}],"predecessor-version":[{"id":142,"href":"https:\/\/www.cinarciktesvikiyeasm.web.tr\/index.php?rest_route=\/wp\/v2\/pages\/28\/revisions\/142"}],"wp:attachment":[{"href":"https:\/\/www.cinarciktesvikiyeasm.web.tr\/index.php?rest_route=%2Fwp%2Fv2%2Fmedia&parent=28"}],"curies":[{"name":"wp","href":"https:\/\/api.w.org\/{rel}","templated":true}]}}