{"id":131,"date":"2018-02-27T22:49:50","date_gmt":"2018-02-27T19:49:50","guid":{"rendered":"http:\/\/www.cinarciktesvikiyeasm.web.tr\/?page_id=131"},"modified":"2018-02-28T14:13:53","modified_gmt":"2018-02-28T11:13:53","slug":"kolonbagirsak-kanseri-taramalari","status":"publish","type":"page","link":"https:\/\/www.cinarciktesvikiyeasm.web.tr\/?page_id=131","title":{"rendered":"Kolon(Ba\u011f\u0131rsak) Kanseri Taramalar\u0131"},"content":{"rendered":"<p><img loading=\"lazy\" class=\"alignnone  wp-image-146\" src=\"http:\/\/www.cinarciktesvikiyeasm.web.tr\/wp-content\/uploads\/2018\/02\/Kolon-Kanseri.jpg\" alt=\"\" width=\"336\" height=\"140\" \/><br \/>\nKimlere Yap\u0131lmal\u0131?<\/p>\n<p>\u00dclkemiz ko\u015fullar\u0131 dikkate al\u0131nd\u0131\u011f\u0131nda ger\u00e7ekle\u015ftirilebilir hedef; erkek ve kad\u0131nlarda 50 ya\u015f\u0131nda ba\u015flayan ve 70 ya\u015f\u0131nda biten taramad\u0131r.<\/p>\n<p>Ne Kadar S\u0131kl\u0131kla Yap\u0131lmal\u0131?<\/p>\n<p>GGK Testi Aile Hekimli\u011fi biriminin arac\u0131l\u0131\u011f\u0131yla her 2 y\u0131lda 1 tekrarlan\u0131r.<\/p>\n<p>Neden Erken Te\u015fhis?<\/p>\n<p>Hastal\u0131\u011f\u0131n erken te\u015fhisiyle tedavideki ba\u015far\u0131 oran\u0131 %100&#8217;lere kadar y\u00fckselebilmektedir. Sa\u011fl\u0131kl\u0131 ve kaliteli bir ya\u015fam i\u00e7in ba\u015far\u0131l\u0131 bir tedavi gerekmektedir.<\/p>\n<p>Nas\u0131l Yapt\u0131rabilirim?<\/p>\n<p>Aile Sa\u011fl\u0131\u011f\u0131 Merkezimize gelerek GGK testlerini alabilirsiniz.<\/p>\n<p>&nbsp;<\/p>\n","protected":false},"excerpt":{"rendered":"<p>Kimlere Yap\u0131lmal\u0131? \u00dclkemiz ko\u015fullar\u0131 dikkate al\u0131nd\u0131\u011f\u0131nda ger\u00e7ekle\u015ftirilebilir hedef; erkek ve kad\u0131nlarda 50 ya\u015f\u0131nda ba\u015flayan ve 70 ya\u015f\u0131nda biten taramad\u0131r. Ne Kadar S\u0131kl\u0131kla Yap\u0131lmal\u0131? GGK Testi Aile Hekimli\u011fi biriminin arac\u0131l\u0131\u011f\u0131yla her 2 y\u0131lda 1 tekrarlan\u0131r. Neden Erken Te\u015fhis? Hastal\u0131\u011f\u0131n erken te\u015fhisiyle tedavideki ba\u015far\u0131 oran\u0131 %100&#8217;lere kadar y\u00fckselebilmektedir. Sa\u011fl\u0131kl\u0131 ve kaliteli bir ya\u015fam i\u00e7in ba\u015far\u0131l\u0131 bir tedavi &hellip; <\/p>\n<p class=\"link-more\"><a href=\"https:\/\/www.cinarciktesvikiyeasm.web.tr\/?page_id=131\" class=\"more-link\">Okumaya devam et<span class=\"screen-reader-text\"> &#8220;Kolon(Ba\u011f\u0131rsak) Kanseri Taramalar\u0131&#8221;<\/span><\/a><\/p>\n","protected":false},"author":1,"featured_media":0,"parent":0,"menu_order":0,"comment_status":"closed","ping_status":"closed","template":"","meta":[],"_links":{"self":[{"href":"https:\/\/www.cinarciktesvikiyeasm.web.tr\/index.php?rest_route=\/wp\/v2\/pages\/131"}],"collection":[{"href":"https:\/\/www.cinarciktesvikiyeasm.web.tr\/index.php?rest_route=\/wp\/v2\/pages"}],"about":[{"href":"https:\/\/www.cinarciktesvikiyeasm.web.tr\/index.php?rest_route=\/wp\/v2\/types\/page"}],"author":[{"embeddable":true,"href":"https:\/\/www.cinarciktesvikiyeasm.web.tr\/index.php?rest_route=\/wp\/v2\/users\/1"}],"replies":[{"embeddable":true,"href":"https:\/\/www.cinarciktesvikiyeasm.web.tr\/index.php?rest_route=%2Fwp%2Fv2%2Fcomments&post=131"}],"version-history":[{"count":3,"href":"https:\/\/www.cinarciktesvikiyeasm.web.tr\/index.php?rest_route=\/wp\/v2\/pages\/131\/revisions"}],"predecessor-version":[{"id":162,"href":"https:\/\/www.cinarciktesvikiyeasm.web.tr\/index.php?rest_route=\/wp\/v2\/pages\/131\/revisions\/162"}],"wp:attachment":[{"href":"https:\/\/www.cinarciktesvikiyeasm.web.tr\/index.php?rest_route=%2Fwp%2Fv2%2Fmedia&parent=131"}],"curies":[{"name":"wp","href":"https:\/\/api.w.org\/{rel}","templated":true}]}}