{"id":127,"date":"2018-02-27T22:46:12","date_gmt":"2018-02-27T19:46:12","guid":{"rendered":"http:\/\/www.cinarciktesvikiyeasm.web.tr\/?page_id=127"},"modified":"2025-03-21T14:06:49","modified_gmt":"2025-03-21T11:06:49","slug":"meme-kanseri-taramalari","status":"publish","type":"page","link":"https:\/\/www.cinarciktesvikiyeasm.web.tr\/?page_id=127","title":{"rendered":"Meme Kanseri Taramalar\u0131"},"content":{"rendered":"<p><img loading=\"lazy\" class=\"alignnone wp-image-148\" src=\"http:\/\/www.cinarciktesvikiyeasm.web.tr\/wp-content\/uploads\/2018\/02\/meme-kanseri.jpg\" alt=\"\" width=\"327\" height=\"218\" \/><br \/>\nKimlere Yap\u0131lmal\u0131?<\/p>\n<p>\u00dclkemiz ko\u015fullar\u0131 dikkate al\u0131nd\u0131\u011f\u0131nda ger\u00e7ekle\u015ftirilebilir hedef; kad\u0131nlarda 40 ya\u015f\u0131nda ba\u015flayan ve 69 ya\u015f\u0131nda biten taramad\u0131r.<\/p>\n<p>Ne Kadar S\u0131kl\u0131kla Yap\u0131lmal\u0131?<\/p>\n<p>Meme Kanseri Taramas\u0131 Aile Hekimli\u011fi biriminin arac\u0131l\u0131\u011f\u0131yla her 2 y\u0131lda 1 tekrarlan\u0131r.<\/p>\n<p>Neden Erken Te\u015fhis?<\/p>\n<p>T\u00fcrkiye&#8217;de her 10 kad\u0131ndan birini etkileyen meme kanseri kad\u0131n kanserleri aras\u0131nda en s\u0131k g\u00f6r\u00fclen kanserdir. Erken tan\u0131s\u0131 konmu\u015f meme kanseri tamamen tedavi edilebilen bir hastal\u0131kt\u0131r. Mamografi taramalar\u0131n\u0131n yan\u0131 s\u0131ra kad\u0131nlar\u0131n her ay kendi kendilerine yapaca\u011f\u0131 kontrol, meme kanserinin te\u015fhisine olanak tan\u0131maktad\u0131r.<\/p>\n<p>Nas\u0131l Yapt\u0131rabilirim?<\/p>\n<p>Aile Sa\u011fl\u0131\u011f\u0131 Merkezimize gelerek veya 0226 2441115 numaral\u0131 telefonumuzu aray\u0131p Aile Sa\u011fl\u0131\u011f\u0131 Elemanlar\u0131 Nurhan G\u00fcng\u00f6r ve Ebru Bah\u00e7al\u0131 ile g\u00f6r\u00fc\u015ferek Meme Kanseri Taramas\u0131 i\u00e7in randevu alabilirsiniz.<\/p>\n","protected":false},"excerpt":{"rendered":"<p>Kimlere Yap\u0131lmal\u0131? \u00dclkemiz ko\u015fullar\u0131 dikkate al\u0131nd\u0131\u011f\u0131nda ger\u00e7ekle\u015ftirilebilir hedef; kad\u0131nlarda 40 ya\u015f\u0131nda ba\u015flayan ve 69 ya\u015f\u0131nda biten taramad\u0131r. Ne Kadar S\u0131kl\u0131kla Yap\u0131lmal\u0131? Meme Kanseri Taramas\u0131 Aile Hekimli\u011fi biriminin arac\u0131l\u0131\u011f\u0131yla her 2 y\u0131lda 1 tekrarlan\u0131r. Neden Erken Te\u015fhis? T\u00fcrkiye&#8217;de her 10 kad\u0131ndan birini etkileyen meme kanseri kad\u0131n kanserleri aras\u0131nda en s\u0131k g\u00f6r\u00fclen kanserdir. Erken tan\u0131s\u0131 konmu\u015f meme &hellip; <\/p>\n<p class=\"link-more\"><a href=\"https:\/\/www.cinarciktesvikiyeasm.web.tr\/?page_id=127\" class=\"more-link\">Okumaya devam et<span class=\"screen-reader-text\"> &#8220;Meme Kanseri Taramalar\u0131&#8221;<\/span><\/a><\/p>\n","protected":false},"author":1,"featured_media":0,"parent":0,"menu_order":0,"comment_status":"closed","ping_status":"closed","template":"","meta":[],"_links":{"self":[{"href":"https:\/\/www.cinarciktesvikiyeasm.web.tr\/index.php?rest_route=\/wp\/v2\/pages\/127"}],"collection":[{"href":"https:\/\/www.cinarciktesvikiyeasm.web.tr\/index.php?rest_route=\/wp\/v2\/pages"}],"about":[{"href":"https:\/\/www.cinarciktesvikiyeasm.web.tr\/index.php?rest_route=\/wp\/v2\/types\/page"}],"author":[{"embeddable":true,"href":"https:\/\/www.cinarciktesvikiyeasm.web.tr\/index.php?rest_route=\/wp\/v2\/users\/1"}],"replies":[{"embeddable":true,"href":"https:\/\/www.cinarciktesvikiyeasm.web.tr\/index.php?rest_route=%2Fwp%2Fv2%2Fcomments&post=127"}],"version-history":[{"count":5,"href":"https:\/\/www.cinarciktesvikiyeasm.web.tr\/index.php?rest_route=\/wp\/v2\/pages\/127\/revisions"}],"predecessor-version":[{"id":267,"href":"https:\/\/www.cinarciktesvikiyeasm.web.tr\/index.php?rest_route=\/wp\/v2\/pages\/127\/revisions\/267"}],"wp:attachment":[{"href":"https:\/\/www.cinarciktesvikiyeasm.web.tr\/index.php?rest_route=%2Fwp%2Fv2%2Fmedia&parent=127"}],"curies":[{"name":"wp","href":"https:\/\/api.w.org\/{rel}","templated":true}]}}