{"id":111,"date":"2018-02-27T21:28:53","date_gmt":"2018-02-27T18:28:53","guid":{"rendered":"http:\/\/www.cinarciktesvikiyeasm.web.tr\/?page_id=111"},"modified":"2026-03-12T12:43:53","modified_gmt":"2026-03-12T09:43:53","slug":"111-2","status":"publish","type":"page","link":"https:\/\/www.cinarciktesvikiyeasm.web.tr\/?page_id=111","title":{"rendered":"\u00c7al\u0131\u015fma Plan\u0131"},"content":{"rendered":"\n<figure class=\"wp-block-image size-full\"><img loading=\"lazy\" width=\"813\" height=\"239\" src=\"https:\/\/www.cinarciktesvikiyeasm.web.tr\/wp-content\/uploads\/2026\/03\/image-1.png\" alt=\"\" class=\"wp-image-280\" srcset=\"https:\/\/www.cinarciktesvikiyeasm.web.tr\/wp-content\/uploads\/2026\/03\/image-1.png 813w, https:\/\/www.cinarciktesvikiyeasm.web.tr\/wp-content\/uploads\/2026\/03\/image-1-300x88.png 300w, https:\/\/www.cinarciktesvikiyeasm.web.tr\/wp-content\/uploads\/2026\/03\/image-1-768x226.png 768w\" sizes=\"(max-width: 767px) 89vw, (max-width: 1000px) 54vw, (max-width: 1071px) 543px, 580px\" \/><\/figure>\n","protected":false},"excerpt":{"rendered":"","protected":false},"author":1,"featured_media":0,"parent":0,"menu_order":0,"comment_status":"closed","ping_status":"closed","template":"","meta":[],"_links":{"self":[{"href":"https:\/\/www.cinarciktesvikiyeasm.web.tr\/index.php?rest_route=\/wp\/v2\/pages\/111"}],"collection":[{"href":"https:\/\/www.cinarciktesvikiyeasm.web.tr\/index.php?rest_route=\/wp\/v2\/pages"}],"about":[{"href":"https:\/\/www.cinarciktesvikiyeasm.web.tr\/index.php?rest_route=\/wp\/v2\/types\/page"}],"author":[{"embeddable":true,"href":"https:\/\/www.cinarciktesvikiyeasm.web.tr\/index.php?rest_route=\/wp\/v2\/users\/1"}],"replies":[{"embeddable":true,"href":"https:\/\/www.cinarciktesvikiyeasm.web.tr\/index.php?rest_route=%2Fwp%2Fv2%2Fcomments&post=111"}],"version-history":[{"count":19,"href":"https:\/\/www.cinarciktesvikiyeasm.web.tr\/index.php?rest_route=\/wp\/v2\/pages\/111\/revisions"}],"predecessor-version":[{"id":281,"href":"https:\/\/www.cinarciktesvikiyeasm.web.tr\/index.php?rest_route=\/wp\/v2\/pages\/111\/revisions\/281"}],"wp:attachment":[{"href":"https:\/\/www.cinarciktesvikiyeasm.web.tr\/index.php?rest_route=%2Fwp%2Fv2%2Fmedia&parent=111"}],"curies":[{"name":"wp","href":"https:\/\/api.w.org\/{rel}","templated":true}]}}